{"id":1605,"date":"2025-09-14T11:51:34","date_gmt":"2025-09-14T11:51:34","guid":{"rendered":"https:\/\/orroncapital.com\/?page_id=1605"},"modified":"2025-09-15T19:48:18","modified_gmt":"2025-09-15T19:48:18","slug":"capital-markets","status":"publish","type":"page","link":"https:\/\/orroncapital.com\/fr\/capital-markets\/","title":{"rendered":"March\u00e9s financiers"},"content":{"rendered":"<div data-elementor-type=\"wp-page\" data-elementor-id=\"1605\" class=\"elementor elementor-1605\" data-elementor-post-type=\"page\">\n\t\t\t\t<div class=\"elementor-element elementor-element-eb9ee84 e-flex e-con-boxed e-con e-parent\" data-id=\"eb9ee84\" data-element_type=\"container\" data-e-type=\"container\">\n\t\t\t\t\t<div class=\"e-con-inner\">\n\t\t\t\t<div class=\"elementor-element elementor-element-de82a4e elementor-widget elementor-widget-html\" data-id=\"de82a4e\" data-element_type=\"widget\" data-e-type=\"widget\" data-widget_type=\"html.default\">\n\t\t\t\t\t<!-- CAPITAL MARKETS \u2013 OR\u00d6N CAPITAL -->\r\n<section id=\"capital-hero\" class=\"oc-wrap\" aria-labelledby=\"capital-title\">\r\n  <style>\r\n    @import url('https:\/\/fonts.googleapis.com\/css2?family=Inter:wght@400;600;700;800&display=swap');\r\n\r\n    :root{\r\n      --oc-bg:#0a0a0a;\r\n      --oc-fg:#ffffff;\r\n      --oc-body:#111111;\r\n      --oc-accent:#8B0000;\r\n      --oc-muted:#8a8a8a;\r\n      --oc-max:1180px;\r\n      --oc-radius:18px;\r\n    }\r\n\r\n    #capital-hero, .oc-section { font-family:'Inter', sans-serif; box-sizing:border-box; }\r\n    .oc-wrap{display:block;background:#fff;color:var(--oc-body);}\r\n    .oc-container{max-width:var(--oc-max);margin-inline:auto;padding:56px 20px;}\r\n    .oc-title{font-size:clamp(36px,4.5vw,56px);line-height:1.05;margin:0 0 16px;font-weight:800;color:#000;}\r\n    .oc-sub{font-size:clamp(16px,2vw,20px);line-height:1.3;color:#222;max-width:70ch;margin:0;}\r\n\r\n    .oc-grid{display:grid;grid-template-columns:1fr 1fr;gap:48px;align-items:center;}\r\n    .oc-img{aspect-ratio:16\/10;background:#eee;border-radius:var(--oc-radius);overflow:hidden;position:relative}\r\n    .oc-img img{width:100%;height:100%;object-fit:cover}\r\n\r\n    .oc-focus{display:grid;grid-template-columns:repeat(auto-fit,minmax(260px,1fr));gap:24px;margin-top:32px}\r\n    .oc-card{background:#fff;border:1px solid #eaeaea;border-radius:16px;padding:24px;box-shadow:0 10px 22px rgba(0,0,0,.05)}\r\n    .oc-card h3{margin:0 0 10px;font-size:1.2rem;color:#000}\r\n    .oc-card p{margin:0;color:#333;line-height:1.4}\r\n\r\n    .oc-stats{display:grid;grid-template-columns:repeat(auto-fit,minmax(200px,1fr));gap:24px;margin-top:40px;text-align:center}\r\n    .oc-stat{padding:20px;background:#fff;border-radius:16px;border:1px solid #eee;box-shadow:0 8px 16px rgba(0,0,0,.05)}\r\n    .oc-stat h2{margin:0;font-size:2rem;color:var(--oc-accent);font-weight:800}\r\n    .oc-stat p{margin:6px 0 0;font-size:0.95rem;color:#333}\r\n\r\n    .oc-band{background:var(--oc-bg);color:var(--oc-fg);padding:72px 20px;margin-top:32px}\r\n    .oc-quote{font-size:clamp(20px,2.6vw,28px);font-weight:600;line-height:1.3;max-width:70ch;margin:0 auto 12px;text-align:center}\r\n    .oc-note{color:#cfcfcf;text-align:center;margin:0 auto;max-width:70ch}\r\n\r\n    .oc-tl{display:grid;grid-template-columns:18px 1fr;gap:16px;margin-top:26px}\r\n    .oc-tl .rail{background:linear-gradient(#d9d9d9,#d9d9d9) no-repeat center\/2px 100%;}\r\n    .oc-tl .item{position:relative;padding:10px 0 18px}\r\n    .oc-tl .item:before{content:\"\";position:absolute;left:-27px;top:12px;width:14px;height:14px;border-radius:50%;background:var(--oc-accent)}\r\n    .oc-tl h5{margin:0 0 6px;font-size:1rem;color:#fff}\r\n    .oc-tl p{margin:0;color:#ddd;line-height:1.2}\r\n\r\n    .oc-cta{background:#fff;border-top:1px solid #eee;padding:60px 0;margin-top:24px}\r\n    .oc-cta .box{background:#fff;border:1px solid #eaeaea;border-radius:20px;padding:26px;display:flex;flex-wrap:wrap;gap:14px;align-items:center;justify-content:space-between}\r\n    .oc-cta .box p{margin:0;color:#222}\r\n    .oc-btn{display:inline-flex;align-items:center;gap:10px;padding:14px 18px;border-radius:999px;background:var(--oc-accent);color:#fff;text-decoration:none;font-weight:700}\r\n    .oc-btn:hover{filter:brightness(1.05)}\r\n    .oc-link{color:var(--oc-accent);text-decoration:none;font-weight:700}\r\n    .oc-link:hover{text-decoration:underline}\r\n\r\n    @media (max-width:980px){\r\n      .oc-grid{grid-template-columns:1fr}\r\n      .oc-container{padding:42px 18px}\r\n    }\r\n  <\/style>\r\n\r\n  <!-- HERO -->\r\n  <div class=\"oc-container oc-grid\">\r\n    <div>\r\n      <h1 id=\"capital-title\" class=\"oc-title\">March\u00e9s financiers<\/h1>\r\n      <p class=\"oc-sub\">En construisant un portefeuille diversifi\u00e9 compos\u00e9 d\u2019actions, de revenus fixes, de capital-investissement et de fonds sp\u00e9culatifs, Orr\u00f3n Capital navigue sur les march\u00e9s mondiaux avec discipline et envergure.<\/p>\r\n    <\/div>\r\n    <div class=\"oc-img\">\r\n      <img decoding=\"async\" src=\"https:\/\/orroncapital.com\/wp-content\/uploads\/2025\/09\/what-we-offer_capital-markets.jpg\">\r\n    <\/div>\r\n  <\/div>\r\n<\/section>\r\n\r\n<!-- SECTION 1: METRICS -->\r\n<section class=\"oc-section\">\r\n  <div class=\"oc-container\">\r\n    <h2 class=\"oc-title\" style=\"font-size:32px;margin-bottom:10px\">Une \u00e9chelle qui produit des r\u00e9sultats<\/h2>\r\n    <div class=\"oc-stats\">\r\n      <div class=\"oc-stat\"><h2>\u20ac12B+<\/h2><p>Actifs totaux sous gestion<\/p><\/div>\r\n      <div class=\"oc-stat\"><h2>20%<\/h2><p>Rendement moyen du portefeuille sur 5 ans<\/p><\/div>\r\n      <div class=\"oc-stat\"><h2>40+<\/h2><p>Pays avec allocations de capital actives<\/p><\/div>\r\n      <div class=\"oc-stat\"><h2>100+<\/h2><p>Investisseurs institutionnels partenaires<\/p><\/div>\r\n    <\/div>\r\n  <\/div>\r\n<\/section>\r\n\r\n<!-- SECTION 2: CORE FOCUS -->\r\n<section class=\"oc-section\">\r\n  <div class=\"oc-container\">\r\n    <h2 class=\"oc-title\" style=\"font-size:32px;margin-bottom:10px\">Domaines d\u2019activit\u00e9 principaux<\/h2>\r\n    <div class=\"oc-focus\">\r\n      <div class=\"oc-card\"><h3>Actions<\/h3><p>Exposition \u00e0 des entreprises mondiales de premier ordre et \u00e0 des march\u00e9s \u00e9mergents \u00e0 fort potentiel de croissance.<\/p><\/div>\r\n      <div class=\"oc-card\"><h3>Revenus fixes<\/h3><p>Investissements obligataires strat\u00e9giques garantissant stabilit\u00e9 et rendement constant.<\/p><\/div>\r\n      <div class=\"oc-card\"><h3>Capital-investissement<\/h3><p>Soutien \u00e0 des entreprises \u00e0 fort potentiel dans les industries de pointe et la technologie.<\/p><\/div>\r\n      <div class=\"oc-card\"><h3>Actifs alternatifs<\/h3><p>Fonds sp\u00e9culatifs, mati\u00e8res premi\u00e8res et produits d\u00e9riv\u00e9s pour la diversification du portefeuille.<\/p><\/div>\r\n    <\/div>\r\n  <\/div>\r\n<\/section>\r\n\r\n<!-- SECTION 3: CASE STUDIES -->\r\n<section class=\"oc-section\">\r\n  <div class=\"oc-container oc-grid\">\r\n    <div class=\"oc-img\">\r\n      <img decoding=\"async\" src=\"https:\/\/orroncapital.com\/wp-content\/uploads\/2025\/09\/trading-floor-traders-indoor-headquarter-finance-corporation-saxo-bank-copenhagen-denamark-69620796.webp\">\r\n    <\/div>\r\n    <div>\r\n      <h2 class=\"oc-title\" style=\"font-size:32px;margin-bottom:10px\">\u00c9tudes de cas<\/h2>\r\n      <p><b>Fonds de croissance technologique nordique :<\/b> A atteint un TRI de 28 % en investissant dans des entreprises d\u2019IA et de robotique en phase de d\u00e9marrage.<\/p>\r\n      <p><b>Obligations europ\u00e9ennes d\u2019infrastructure :<\/b> Allocation de 2 Md\u20ac dans des obligations \u00e9nerg\u00e9tiques et de transport offrant des rendements stables.<\/p>\r\n      <p><b>Strat\u00e9gies de couverture mondiales :<\/b> Ont g\u00e9n\u00e9r\u00e9 un rendement annuel moyen de 15 % tout en r\u00e9duisant l\u2019exposition \u00e0 la volatilit\u00e9.<\/p>\r\n    <\/div>\r\n  <\/div>\r\n<\/section>\r\n\r\n<!-- SECTION 4: ROADMAP -->\r\n<section class=\"oc-section oc-band\">\r\n  <div class=\"oc-container\">\r\n    <p class=\"oc-quote\">Les march\u00e9s de capitaux ne se r\u00e9sument pas au rendement \u2014 ils sont le moteur qui alimente l\u2019innovation, les infrastructures et la prosp\u00e9rit\u00e9 \u00e0 long terme.<\/p>\r\n    <div class=\"oc-tl\">\r\n      <div class=\"rail\"><\/div>\r\n      <div>\r\n        <div class=\"item\"><h5>2023\u20132025<\/h5><p>Porter les actifs sous gestion \u00e0 15 Md\u20ac, avec un accent sur les actions europ\u00e9ennes et les revenus fixes<\/p><\/div>\r\n        <div class=\"item\"><h5>2026\u20132028<\/h5><p>D\u00e9velopper le capital-investissement et les actifs alternatifs dans les p\u00f4les mondiaux.<\/p><\/div>\r\n        <div class=\"item\"><h5>2029+<\/h5><p>Positionner Orr\u00f3n Capital comme une soci\u00e9t\u00e9 d\u2019investissement diversifi\u00e9e de premier plan \u00e0 l\u2019\u00e9chelle mondiale.<\/p><\/div>\r\n      <\/div>\r\n    <\/div>\r\n  <\/div>\r\n<\/section>\r\n\r\n<!-- CTA -->\r\n<section class=\"oc-cta\">\r\n  <div class=\"oc-container\">\r\n    <div class=\"box\">\r\n      <p><strong>D\u00e9couvrez comment Orr\u00f3n Capital navigue sur les march\u00e9s mondiaux.<\/strong><br><span style=\"color:var(--oc-muted)\">Explorez les rapports, allocations et strat\u00e9gies qui alimentent la croissance mondiale.<\/span><\/p>\r\n      <div style=\"display:flex;gap:10px;align-items:center\">\r\n        <a class=\"oc-btn\" href=\"https:\/\/orroncapital.com\/fr\/\" aria-label=\"Explorer les march\u00e9s de capitaux\">Explorer les march\u00e9s de capitaux<\/a>\r\n        <a class=\"oc-link\" href=\"https:\/\/orroncapital.com\/Orron_Capital_Financial_Results_2024.pdf\">Rapports aux investisseurs \u2192<\/a>\r\n      <\/div>\r\n    <\/div>\r\n  <\/div>\r\n<\/section>\r\n\t\t\t\t<\/div>\n\t\t\t\t\t<\/div>\n\t\t\t\t<\/div>\n\t\t\t\t<\/div>","protected":false},"excerpt":{"rendered":"<p>Capital Markets Building a diversified portfolio across equities, fixed income, private equity, and hedge funds \u2014 Or\u00f6n Capital navigates global markets with discipline and scale. Scale That Delivers \u20ac12B+ Total assets under management 20% 5-year average portfolio return 40+ Countries with active capital allocations 100+ Institutional investors partnered Core Focus Areas Equities Exposure to global&#8230;<\/p>","protected":false},"author":1,"featured_media":0,"parent":0,"menu_order":0,"comment_status":"closed","ping_status":"closed","template":"","meta":{"_kad_post_transparent":"","_kad_post_title":"hide","_kad_post_layout":"fullwidth","_kad_post_sidebar_id":"","_kad_post_content_style":"unboxed","_kad_post_vertical_padding":"hide","_kad_post_feature":"hide","_kad_post_feature_position":"","_kad_post_header":false,"_kad_post_footer":false,"footnotes":""},"class_list":["post-1605","page","type-page","status-publish","hentry"],"_hostinger_reach_plugin_has_subscription_block":false,"_hostinger_reach_plugin_is_elementor":false,"_links":{"self":[{"href":"https:\/\/orroncapital.com\/fr\/wp-json\/wp\/v2\/pages\/1605","targetHints":{"allow":["GET"]}}],"collection":[{"href":"https:\/\/orroncapital.com\/fr\/wp-json\/wp\/v2\/pages"}],"about":[{"href":"https:\/\/orroncapital.com\/fr\/wp-json\/wp\/v2\/types\/page"}],"author":[{"embeddable":true,"href":"https:\/\/orroncapital.com\/fr\/wp-json\/wp\/v2\/users\/1"}],"replies":[{"embeddable":true,"href":"https:\/\/orroncapital.com\/fr\/wp-json\/wp\/v2\/comments?post=1605"}],"version-history":[{"count":10,"href":"https:\/\/orroncapital.com\/fr\/wp-json\/wp\/v2\/pages\/1605\/revisions"}],"predecessor-version":[{"id":1744,"href":"https:\/\/orroncapital.com\/fr\/wp-json\/wp\/v2\/pages\/1605\/revisions\/1744"}],"wp:attachment":[{"href":"https:\/\/orroncapital.com\/fr\/wp-json\/wp\/v2\/media?parent=1605"}],"curies":[{"name":"wp","href":"https:\/\/api.w.org\/{rel}","templated":true}]}}