{"id":1706,"date":"2025-09-15T18:43:29","date_gmt":"2025-09-15T18:43:29","guid":{"rendered":"https:\/\/orroncapital.com\/?page_id=1706"},"modified":"2025-09-18T10:52:06","modified_gmt":"2025-09-18T10:52:06","slug":"contact-us","status":"publish","type":"page","link":"https:\/\/orroncapital.com\/fr\/contact-us\/","title":{"rendered":"Contactez-nous"},"content":{"rendered":"<div data-elementor-type=\"wp-page\" data-elementor-id=\"1706\" class=\"elementor elementor-1706\" data-elementor-post-type=\"page\">\n\t\t\t\t<div class=\"elementor-element elementor-element-1598a12 e-flex e-con-boxed e-con e-parent\" data-id=\"1598a12\" data-element_type=\"container\" data-e-type=\"container\">\n\t\t\t\t\t<div class=\"e-con-inner\">\n\t\t\t\t<div class=\"elementor-element elementor-element-853ed2d elementor-widget elementor-widget-html\" data-id=\"853ed2d\" data-element_type=\"widget\" data-e-type=\"widget\" data-widget_type=\"html.default\">\n\t\t\t\t\t<style>\r\n.contact-section {\r\n  font-family: 'Helvetica Neue', Arial, sans-serif;\r\n  padding: 120px 12%;\r\n  background: #fff;\r\n  color: #222;\r\n}\r\n\r\n.contact-section h1 {\r\n  font-size: 46px;\r\n  font-weight: 800;\r\n  margin-bottom: 25px;\r\n  color: #111;\r\n  border-left: 8px solid #a50000;\r\n  padding-left: 20px;\r\n}\r\n\r\n.contact-section p {\r\n  font-size: 18px;\r\n  line-height: 1.7;\r\n  color: #444;\r\n  margin-bottom: 40px;\r\n  max-width: 900px;\r\n}\r\n\r\n.contact-grid {\r\n  display: grid;\r\n  grid-template-columns: repeat(auto-fit, minmax(280px, 1fr));\r\n  gap: 40px;\r\n  margin-bottom: 80px;\r\n}\r\n\r\n.contact-card {\r\n  background: #f8f9fa;\r\n  padding: 30px;\r\n  border-radius: 12px;\r\n  border: 1px solid #eee;\r\n  box-shadow: 0 6px 18px rgba(0,0,0,0.06);\r\n}\r\n\r\n.contact-card h3 {\r\n  font-size: 22px;\r\n  margin-bottom: 15px;\r\n  color: #111;\r\n}\r\n\r\n.contact-card p {\r\n  font-size: 16px;\r\n  margin: 0;\r\n  color: #555;\r\n}\r\n\r\n.contact-card a {\r\n  color: #a50000;\r\n  font-weight: 600;\r\n  text-decoration: none;\r\n}\r\n\r\n.contact-card a:hover {\r\n  color: #d10000;\r\n}\r\n\r\n.contact-form {\r\n  background: #f9f9f9;\r\n  padding: 50px;\r\n  border-radius: 12px;\r\n  border: 1px solid #eee;\r\n  box-shadow: 0 6px 18px rgba(0,0,0,0.06);\r\n}\r\n\r\n.contact-form h2 {\r\n  font-size: 28px;\r\n  margin-bottom: 20px;\r\n  color: #a50000;\r\n}\r\n\r\n.contact-form input,\r\n.contact-form textarea {\r\n  width: 100%;\r\n  padding: 15px;\r\n  margin-bottom: 20px;\r\n  border: 1px solid #ddd;\r\n  border-radius: 8px;\r\n  font-size: 15px;\r\n}\r\n\r\n.contact-form button {\r\n  background: #a50000;\r\n  color: #fff;\r\n  padding: 14px 30px;\r\n  border: none;\r\n  border-radius: 6px;\r\n  font-size: 15px;\r\n  font-weight: 600;\r\n  cursor: pointer;\r\n  transition: background 0.3s;\r\n}\r\n\r\n.contact-form button:hover {\r\n  background: #d10000;\r\n}\r\n<\/style>\r\n\r\n<section class=\"contact-section\">\r\n  <h1>Contact Orr\u00f6n Capital<\/h1>\r\n  <p>Nous op\u00e9rons avec discr\u00e9tion et pr\u00e9cision. Pour toute demande d\u2019investissement, de partenariat ou de relations m\u00e9dias, veuillez nous contacter par les canaux appropri\u00e9s ci-dessous. Nos \u00e9quipes sont pr\u00e9sentes en Europe et \u00e0 l\u2019international afin d\u2019assurer une communication fluide.<\/p>\r\n\r\n  <div class=\"contact-grid\">\r\n    <div class=\"contact-card\">\r\n      <h3>Si\u00e8ge social<\/h3>\r\n      <p>Orr\u00f3n Capital AG<br>Bahnhofstrasse 45<br>8001 Zurich, Switzerland<\/p>\r\n      <p><strong>Email:<\/strong> <a href=\"mailto:info@orroncapital.com\">info@orroncapital.com<\/a><\/p>\r\n      <p><strong>Phone:<\/strong> +41 44 123 4567<\/p>\r\n    <\/div>\r\n\r\n    <div class=\"contact-card\">\r\n      <h3>Bureaux europ\u00e9ens<\/h3>\r\n      <p>Frankfurt, Stockholm, London<\/p>\r\n      <p><strong>Email:<\/strong> <a href=\"mailto:europe@orroncapital.com\">europe@orroncapital.com<\/a><\/p>\r\n      <p><strong>Phone:<\/strong> +49 69 123 9876<\/p>\r\n    <\/div>\r\n\r\n    <div class=\"contact-card\">\r\n      <h3>Bureaux internationaux<\/h3>\r\n      <p>Dubai, Singapore<\/p>\r\n      <p><strong>Email:<\/strong> <a href=\"mailto:global@orroncapital.com\">global@orroncapital.com<\/a><\/p>\r\n      <p><strong>Phone:<\/strong> +971 4 567 890<\/p>\r\n    <\/div>\r\n  <\/div>\r\n\r\n  <div class=\"contact-form\">\r\n    <h2>Entrer en contact<\/h2>\r\n    <form action=\"\">\r\n      <input type=\"text\" name=\"name\" placeholder=\"Votre nom complet\" required>\r\n      <input type=\"email\" name=\"email\" placeholder=\"Votre adresse e-mail\" required>\r\n      <input type=\"text\" name=\"subject\" placeholder=\"Objet\" required>\r\n      <textarea name=\"message\" rows=\"6\" placeholder=\"Votre message\" required><\/textarea>\r\n      <button type=\"submit\">Envoyer le message<\/button>\r\n    <input type=\"hidden\" name=\"trp-form-language\" value=\"fr\"\/><\/form>\r\n  <\/div>\r\n\r\n  <div class=\"contact-grid\" style=\"margin-top:80px;\">\r\n    <div class=\"contact-card\">\r\n      <h3>Relations investisseurs<\/h3>\r\n      <p><strong>Email:<\/strong> <a href=\"mailto:ir@orroncapital.com\">ir@orroncapital.com<\/a><\/p>\r\n      <p><strong>Phone:<\/strong> +41 44 555 1111<\/p>\r\n    <\/div>\r\n    <div class=\"contact-card\">\r\n      <h3>Demandes m\u00e9dias<\/h3>\r\n      <p><strong>Email:<\/strong> <a href=\"mailto:media@orroncapital.com\">media@orroncapital.com<\/a><\/p>\r\n      <p><strong>Phone:<\/strong> +41 44 555 2222<\/p>\r\n    <\/div>\r\n    <div class=\"contact-card\">\r\n      <h3>Carri\u00e8res<\/h3>\r\n      <p><strong>Email:<\/strong> <a href=\"mailto:careers@orroncapital.com\">careers@orroncapital.com<\/a><\/p>\r\n      <p><strong>Phone:<\/strong> +41 44 555 3333<\/p>\r\n    <\/div>\r\n  <\/div>\r\n<\/section>\r\n\t\t\t\t<\/div>\n\t\t\t\t\t<\/div>\n\t\t\t\t<\/div>\n\t\t\t\t<\/div>","protected":false},"excerpt":{"rendered":"<p>Contact Orr\u00f6n Capital We operate with discretion and precision. For investment inquiries, partnerships, or media relations, please reach out via the relevant channels below. Our teams are positioned across Europe and internationally to ensure seamless communication. Headquarters Orr\u00f3n Capital AGBahnhofstrasse 458001 Zurich, Switzerland Email: info@orroncapital.com Phone: +41 44 123 4567 European Offices Frankfurt, Stockholm, London&#8230;<\/p>","protected":false},"author":1,"featured_media":0,"parent":0,"menu_order":0,"comment_status":"closed","ping_status":"closed","template":"","meta":{"_kad_post_transparent":"","_kad_post_title":"hide","_kad_post_layout":"fullwidth","_kad_post_sidebar_id":"","_kad_post_content_style":"unboxed","_kad_post_vertical_padding":"hide","_kad_post_feature":"hide","_kad_post_feature_position":"","_kad_post_header":false,"_kad_post_footer":false,"footnotes":""},"class_list":["post-1706","page","type-page","status-publish","hentry"],"_hostinger_reach_plugin_has_subscription_block":false,"_hostinger_reach_plugin_is_elementor":false,"_links":{"self":[{"href":"https:\/\/orroncapital.com\/fr\/wp-json\/wp\/v2\/pages\/1706","targetHints":{"allow":["GET"]}}],"collection":[{"href":"https:\/\/orroncapital.com\/fr\/wp-json\/wp\/v2\/pages"}],"about":[{"href":"https:\/\/orroncapital.com\/fr\/wp-json\/wp\/v2\/types\/page"}],"author":[{"embeddable":true,"href":"https:\/\/orroncapital.com\/fr\/wp-json\/wp\/v2\/users\/1"}],"replies":[{"embeddable":true,"href":"https:\/\/orroncapital.com\/fr\/wp-json\/wp\/v2\/comments?post=1706"}],"version-history":[{"count":7,"href":"https:\/\/orroncapital.com\/fr\/wp-json\/wp\/v2\/pages\/1706\/revisions"}],"predecessor-version":[{"id":2363,"href":"https:\/\/orroncapital.com\/fr\/wp-json\/wp\/v2\/pages\/1706\/revisions\/2363"}],"wp:attachment":[{"href":"https:\/\/orroncapital.com\/fr\/wp-json\/wp\/v2\/media?parent=1706"}],"curies":[{"name":"wp","href":"https:\/\/api.w.org\/{rel}","templated":true}]}}