{"id":1708,"date":"2025-09-15T18:43:40","date_gmt":"2025-09-15T18:43:40","guid":{"rendered":"https:\/\/orroncapital.com\/?page_id=1708"},"modified":"2025-09-18T10:51:24","modified_gmt":"2025-09-18T10:51:24","slug":"about-us","status":"publish","type":"page","link":"https:\/\/orroncapital.com\/fr\/about-us\/","title":{"rendered":"\u00c0 propos de nous"},"content":{"rendered":"<div data-elementor-type=\"wp-page\" data-elementor-id=\"1708\" class=\"elementor elementor-1708\" data-elementor-post-type=\"page\">\n\t\t\t\t<div class=\"elementor-element elementor-element-1dae8f7 e-flex e-con-boxed e-con e-parent\" data-id=\"1dae8f7\" data-element_type=\"container\" data-e-type=\"container\">\n\t\t\t\t\t<div class=\"e-con-inner\">\n\t\t\t\t<div class=\"elementor-element elementor-element-0bec83e elementor-widget elementor-widget-html\" data-id=\"0bec83e\" data-element_type=\"widget\" data-e-type=\"widget\" data-widget_type=\"html.default\">\n\t\t\t\t\t<style>\r\n.about-section {\r\n  font-family: 'Helvetica Neue', Arial, sans-serif;\r\n  background: #fff;\r\n  color: #222;\r\n}\r\n\r\n.about-block {\r\n  padding: 120px 12%;\r\n  border-bottom: 1px solid #ddd;\r\n}\r\n\r\n.about-block:nth-child(odd) {\r\n  background: #f8f9fa;\r\n}\r\n\r\n.about-block h1,\r\n.about-block h2 {\r\n  font-weight: 800;\r\n  color: #111;\r\n  margin-bottom: 25px;\r\n}\r\n\r\n.about-block h1 {\r\n  font-size: 50px;\r\n  border-left: 8px solid #a50000;\r\n  padding-left: 20px;\r\n}\r\n\r\n.about-block h2 {\r\n  font-size: 36px;\r\n  border-left: 6px solid #a50000;\r\n  padding-left: 15px;\r\n}\r\n\r\n.about-block p {\r\n  font-size: 18px;\r\n  line-height: 1.8;\r\n  margin-bottom: 30px;\r\n  max-width: 1000px;\r\n  color: #444;\r\n}\r\n\r\n.metrics-grid {\r\n  display: flex;\r\n  flex-wrap: wrap;\r\n  gap: 40px;\r\n  margin-top: 50px;\r\n}\r\n\r\n.metric-box {\r\n  flex: 1 1 250px;\r\n  background: #fff;\r\n  border: 1px solid #eee;\r\n  border-radius: 12px;\r\n  padding: 30px;\r\n  text-align: center;\r\n  box-shadow: 0 6px 18px rgba(0,0,0,0.06);\r\n}\r\n\r\n.metric-box h3 {\r\n  font-size: 34px;\r\n  color: #a50000;\r\n  margin-bottom: 10px;\r\n}\r\n\r\n.metric-box p {\r\n  font-size: 15px;\r\n  color: #555;\r\n}\r\n\r\n.timeline {\r\n  border-left: 3px solid #a50000;\r\n  padding-left: 30px;\r\n  margin-top: 40px;\r\n}\r\n\r\n.timeline-item {\r\n  margin-bottom: 35px;\r\n}\r\n\r\n.timeline-item span {\r\n  display: inline-block;\r\n  background: #a50000;\r\n  color: #fff;\r\n  padding: 6px 14px;\r\n  border-radius: 20px;\r\n  font-size: 14px;\r\n  font-weight: 600;\r\n  margin-bottom: 10px;\r\n}\r\n\r\n.timeline-item p {\r\n  margin: 0;\r\n  font-size: 16px;\r\n  color: #444;\r\n}\r\n\r\n.portfolio-grid {\r\n  display: grid;\r\n  grid-template-columns: repeat(auto-fit, minmax(260px, 1fr));\r\n  gap: 40px;\r\n  margin-top: 40px;\r\n}\r\n\r\n.portfolio-card {\r\n  background: #fff;\r\n  border: 1px solid #eee;\r\n  border-radius: 12px;\r\n  padding: 30px;\r\n  box-shadow: 0 6px 18px rgba(0,0,0,0.08);\r\n  transition: transform 0.3s;\r\n}\r\n\r\n.portfolio-card:hover {\r\n  transform: translateY(-8px);\r\n}\r\n\r\n.portfolio-card h3 {\r\n  font-size: 22px;\r\n  margin-bottom: 15px;\r\n  color: #111;\r\n}\r\n\r\n.portfolio-card p {\r\n  font-size: 15px;\r\n  color: #555;\r\n}\r\n\r\nblockquote {\r\n  font-size: 22px;\r\n  line-height: 1.6;\r\n  color: #333;\r\n  border-left: 5px solid #a50000;\r\n  margin: 50px 0;\r\n  padding-left: 25px;\r\n  font-style: italic;\r\n}\r\n<\/style>\r\n\r\n<section class=\"about-section\">\r\n\r\n  <!-- Intro -->\r\n  <div class=\"about-block\">\r\n    <h1>About Orr\u00f6n Capital<\/h1>\r\n    <p>Orr\u00f6n Capital is more than an investment holding company \u2014 it is a statement of endurance, precision, and vision. Founded with the intent to redefine how European capital operates globally, we have expanded into industries that form the backbone of modern civilization: energy, real estate, finance, advanced manufacturing, and frontier technologies.<\/p>\r\n    <p>Nous ne sommes pas de simples actionnaires passifs. Nous fa\u00e7onnons les march\u00e9s. Nous forgeons des alliances. Nous b\u00e2tissons des h\u00e9ritages qui perdurent bien au-del\u00e0 des cycles trimestriels. Avec un engagement sans rel\u00e2che pour les r\u00e9sultats, Orr\u00f3n Capital est devenu un gestionnaire de confiance de milliards d\u2019actifs, tout en conservant l\u2019agilit\u00e9 n\u00e9cessaire pour saisir les opportunit\u00e9s de demain.<\/p>\r\n\r\n    <div class=\"metrics-grid\">\r\n      <div class=\"metric-box\">\r\n        <h3>\u20ac18.6B<\/h3>\r\n        <p>Actifs sous gestion (ASG)<\/p>\r\n      <\/div>\r\n      <div class=\"metric-box\">\r\n        <h3>32<\/h3>\r\n        <p>Participations mondiales actives<\/p>\r\n      <\/div>\r\n      <div class=\"metric-box\">\r\n        <h3>14%<\/h3>\r\n        <p>Rendement annuel moyen annualis\u00e9 sur la derni\u00e8re d\u00e9cennie<\/p>\r\n      <\/div>\r\n      <div class=\"metric-box\">\r\n        <h3>11<\/h3>\r\n        <p>Pays o\u00f9 la pr\u00e9sence est \u00e9tablie<\/p>\r\n      <\/div>\r\n    <\/div>\r\n  <\/div>\r\n\r\n  <!-- Journey -->\r\n  <div class=\"about-block\">\r\n    <h2>Notre parcours<\/h2>\r\n    <p>Chaque \u00e9tape refl\u00e8te des choix d\u00e9lib\u00e9r\u00e9s vers des secteurs o\u00f9 Orr\u00f3n Capital pouvait fa\u00e7onner l\u2019issue \u2014 et non simplement y participer. Notre parcours s\u2019\u00e9crit en r\u00e9sultats.<\/p>\r\n\r\n    <div class=\"timeline\">\r\n      <div class=\"timeline-item\">\r\n        <span>2012<\/span>\r\n        <p>Orr\u00f3n Capital fond\u00e9 avec une allocation initiale de 50 M\u20ac ax\u00e9e sur l\u2019industrie manufacturi\u00e8re avanc\u00e9e.<\/p>\r\n      <\/div>\r\n      <div class=\"timeline-item\">\r\n        <span>2015<\/span>\r\n        <p>Expansion vers les march\u00e9s financiers \u2014 les strat\u00e9gies de couverture g\u00e9n\u00e8rent un rendement de 17 %, surpassant les indices de r\u00e9f\u00e9rence MSCI.<\/p>\r\n      <\/div>\r\n      <div class=\"timeline-item\">\r\n        <span>2017<\/span>\r\n        <p>Lancement de la division immobili\u00e8re, avec la r\u00e9alisation de projets r\u00e9sidentiels haut de gamme d\u2019une valeur de 800 M\u20ac \u00e0 Francfort.<\/p>\r\n      <\/div>\r\n      <div class=\"timeline-item\">\r\n        <span>2019<\/span>\r\n        <p>Premier fonds d\u2019\u00e9nergies renouvelables lanc\u00e9, avec la mise en service d\u2019une capacit\u00e9 solaire de 650 MW.<\/p>\r\n      <\/div>\r\n      <div class=\"timeline-item\">\r\n        <span>2022<\/span>\r\n        <p>Portefeuille d\u2019IA et d\u2019automatisation \u00e9tabli \u2014 2,1 Md\u20ac d\u00e9ploy\u00e9s dans 12 entreprises.<\/p>\r\n      <\/div>\r\n      <div class=\"timeline-item\">\r\n        <span>2025<\/span>\r\n        <p>Expansion mondiale en Asie et au Moyen-Orient gr\u00e2ce \u00e0 des partenariats avec des fonds souverains.<\/p>\r\n      <\/div>\r\n    <\/div>\r\n  <\/div>\r\n\r\n  <!-- Portfolio -->\r\n  <div class=\"about-block\">\r\n    <h2>Notre portefeuille<\/h2>\r\n    <p>Nous mesurons le succ\u00e8s non pas aux promesses, mais \u00e0 ce qui a \u00e9t\u00e9 construit. Notre portefeuille couvre des secteurs qui d\u00e9finissent les \u00e9conomies modernes. Chaque participation est une pi\u00e8ce du mosa\u00efque de r\u00e9sultats d\u2019Orr\u00f3n Capital.<\/p>\r\n\r\n    <div class=\"portfolio-grid\">\r\n      <div class=\"portfolio-card\">\r\n        <h3>Intelligence artificielle<\/h3>\r\n        <p>12 entreprises en portefeuille, dont des licornes de l\u2019infrastructure IA valoris\u00e9es \u00e0 14 Md\u20ac au total. Rendement moyen de 18 % sur l\u2019ensemble des participations.<\/p>\r\n      <\/div>\r\n      <div class=\"portfolio-card\">\r\n        <h3>\u00c9nergie et \u00e9nergies renouvelables<\/h3>\r\n        <p>3,4 Md\u20ac d\u2019actifs sous gestion dans les \u00e9nergies renouvelables, 1,2 GW de capacit\u00e9 install\u00e9e, 4,7 M de foyers aliment\u00e9s.<\/p>\r\n      <\/div>\r\n      <div class=\"portfolio-card\">\r\n        <h3>Immobilier<\/h3>\r\n        <p>3,2 M m\u00b2 d\u00e9velopp\u00e9s, portefeuille d\u2019une valeur de 2,9 Md\u20ac, taux d\u2019occupation de 98 % dans l\u2019ensemble des tours commerciales.<\/p>\r\n      <\/div>\r\n      <div class=\"portfolio-card\">\r\n        <h3>March\u00e9s financiers<\/h3>\r\n        <p>9,7 Md\u20ac sous gestion, rendement annualis\u00e9 de 11,4 %, 37 partenaires mondiaux.<\/p>\r\n      <\/div>\r\n      <div class=\"portfolio-card\">\r\n        <h3>Industrie manufacturi\u00e8re<\/h3>\r\n        <p>Participations majoritaires dans 3 entreprises de robotique (1,8 Md\u20ac), alimentant plus de 120 usines \u00e0 travers le monde.<\/p>\r\n      <\/div>\r\n    <\/div>\r\n  <\/div>\r\n\r\n  <!-- Philosophy -->\r\n  <div class=\"about-block\">\r\n    <h2>Notre philosophie<\/h2>\r\n    <blockquote>Nous croyons que le capital n\u2019est pas simplement d\u00e9ploy\u00e9, il est orchestr\u00e9. Les rendements ne sont pas simplement obtenus, ils sont con\u00e7us<\/blockquote>\r\n    <p>Chez Orr\u00f3n Capital, la discipline et l\u2019audace coexistent. Chaque euro investi suit un processus rigoureux de diligence raisonnable, mais chaque d\u00e9cision est \u00e9galement guid\u00e9e par une vision \u2014 une vision des march\u00e9s o\u00f9 Orr\u00f3n Capital n\u2019est pas seulement pr\u00e9sent, mais d\u00e9cisif.<\/p>\r\n  <\/div>\r\n\r\n  <!-- Global Footprint -->\r\n  <div class=\"about-block\">\r\n    <h2>Empreinte mondiale<\/h2>\r\n    <p>De Zurich \u00e0 Singapour, Orr\u00f3n Capital op\u00e8re avec pr\u00e9cision au-del\u00e0 des fronti\u00e8res. Notre pr\u00e9sence mondiale garantit l\u2019acc\u00e8s aux march\u00e9s en croissance tout en s\u2019ancrant dans la stabilit\u00e9 financi\u00e8re europ\u00e9enne.<\/p>\r\n\r\n    <div class=\"metrics-grid\">\r\n      <div class=\"metric-box\">\r\n        <h3>11<\/h3>\r\n        <p>Pays o\u00f9 les op\u00e9rations sont \u00e9tablies<\/p>\r\n      <\/div>\r\n      <div class=\"metric-box\">\r\n        <h3>6<\/h3>\r\n        <p>Bureaux r\u00e9gionaux en Europe et en Asie<\/p>\r\n      <\/div>\r\n      <div class=\"metric-box\">\r\n        <h3>\u20ac3B+<\/h3>\r\n        <p>Capital d\u00e9ploy\u00e9 dans des projets transfrontaliers<\/p>\r\n      <\/div>\r\n    <\/div>\r\n  <\/div>\r\n<\/section>\r\n\t\t\t\t<\/div>\n\t\t\t\t\t<\/div>\n\t\t\t\t<\/div>\n\t\t\t\t<\/div>","protected":false},"excerpt":{"rendered":"<p>About Orr\u00f6n Capital Orr\u00f6n Capital is more than an investment holding company \u2014 it is a statement of endurance, precision, and vision. Founded with the intent to redefine how European capital operates globally, we have expanded into industries that form the backbone of modern civilization: energy, real estate, finance, advanced manufacturing, and frontier technologies. We&#8230;<\/p>","protected":false},"author":1,"featured_media":0,"parent":0,"menu_order":0,"comment_status":"closed","ping_status":"closed","template":"","meta":{"_kad_post_transparent":"","_kad_post_title":"hide","_kad_post_layout":"fullwidth","_kad_post_sidebar_id":"","_kad_post_content_style":"unboxed","_kad_post_vertical_padding":"hide","_kad_post_feature":"hide","_kad_post_feature_position":"","_kad_post_header":false,"_kad_post_footer":false,"footnotes":""},"class_list":["post-1708","page","type-page","status-publish","hentry"],"_hostinger_reach_plugin_has_subscription_block":false,"_hostinger_reach_plugin_is_elementor":false,"_links":{"self":[{"href":"https:\/\/orroncapital.com\/fr\/wp-json\/wp\/v2\/pages\/1708","targetHints":{"allow":["GET"]}}],"collection":[{"href":"https:\/\/orroncapital.com\/fr\/wp-json\/wp\/v2\/pages"}],"about":[{"href":"https:\/\/orroncapital.com\/fr\/wp-json\/wp\/v2\/types\/page"}],"author":[{"embeddable":true,"href":"https:\/\/orroncapital.com\/fr\/wp-json\/wp\/v2\/users\/1"}],"replies":[{"embeddable":true,"href":"https:\/\/orroncapital.com\/fr\/wp-json\/wp\/v2\/comments?post=1708"}],"version-history":[{"count":13,"href":"https:\/\/orroncapital.com\/fr\/wp-json\/wp\/v2\/pages\/1708\/revisions"}],"predecessor-version":[{"id":2360,"href":"https:\/\/orroncapital.com\/fr\/wp-json\/wp\/v2\/pages\/1708\/revisions\/2360"}],"wp:attachment":[{"href":"https:\/\/orroncapital.com\/fr\/wp-json\/wp\/v2\/media?parent=1708"}],"curies":[{"name":"wp","href":"https:\/\/api.w.org\/{rel}","templated":true}]}}